{"id":1485,"date":"2020-11-20T19:47:48","date_gmt":"2020-11-20T19:47:48","guid":{"rendered":"https:\/\/shopdepandore.com\/?post_type=product&#038;p=1485"},"modified":"2021-03-25T19:27:07","modified_gmt":"2021-03-25T19:27:07","slug":"cape-liu-jo","status":"publish","type":"product","link":"https:\/\/shopdepandore.com\/?product=cape-liu-jo","title":{"rendered":"Cape LIU JO"},"content":{"rendered":"<p>Cape LIU JO noire bi-mati\u00e8re avec poches.<br \/>\nTaille 40<\/p>\n<p>50% polyester<br \/>\n50% laine<\/p>\n","protected":false},"excerpt":{"rendered":"<p>Cape LIU JO noire bi-mati\u00e8re avec poches. Taille 40 50% polyester 50% laine<\/p>\n","protected":false},"featured_media":1488,"comment_status":"open","ping_status":"closed","template":"","meta":{"_acf_changed":false},"product_brand":[],"product_cat":[25],"product_tag":[],"class_list":{"0":"post-1485","1":"product","2":"type-product","3":"status-publish","4":"has-post-thumbnail","6":"product_cat-vestesmanteaux","8":"first","9":"outofstock","10":"sold-individually","11":"taxable","12":"shipping-taxable","13":"purchasable","14":"product-type-simple"},"acf":[],"yoast_head":"<!-- This site is optimized with the Yoast SEO plugin v27.2 - https:\/\/yoast.com\/product\/yoast-seo-wordpress\/ -->\n<title>Cape LIU JO - La Bo\u00eete de Pandore<\/title>\n<meta name=\"description\" content=\"Cette cape LIU JO bien chaude donnera style et \u00e9l\u00e9gance \u00e0 vos tenues.\" \/>\n<meta name=\"robots\" content=\"index, follow, max-snippet:-1, max-image-preview:large, max-video-preview:-1\" \/>\n<link rel=\"canonical\" href=\"https:\/\/shopdepandore.com\/?product=cape-liu-jo\" \/>\n<meta property=\"og:locale\" content=\"fr_FR\" \/>\n<meta property=\"og:type\" content=\"article\" \/>\n<meta property=\"og:title\" content=\"Cape LIU JO - La Bo\u00eete de Pandore\" \/>\n<meta property=\"og:description\" content=\"Cette cape LIU JO bien chaude donnera style et \u00e9l\u00e9gance \u00e0 vos tenues.\" \/>\n<meta property=\"og:url\" content=\"https:\/\/shopdepandore.com\/?product=cape-liu-jo\" \/>\n<meta property=\"og:site_name\" content=\"La Bo\u00eete de Pandore\" \/>\n<meta property=\"article:modified_time\" content=\"2021-03-25T19:27:07+00:00\" \/>\n<meta property=\"og:image\" content=\"https:\/\/shopdepandore.com\/wp-content\/uploads\/2020\/11\/IMG_20201119_162422-scaled.jpg\" \/>\n\t<meta property=\"og:image:width\" content=\"2049\" \/>\n\t<meta property=\"og:image:height\" content=\"2560\" \/>\n\t<meta property=\"og:image:type\" content=\"image\/jpeg\" \/>\n<meta name=\"twitter:card\" content=\"summary_large_image\" \/>\n<script type=\"application\/ld+json\" class=\"yoast-schema-graph\">{\"@context\":\"https:\/\/schema.org\",\"@graph\":[{\"@type\":\"WebPage\",\"@id\":\"https:\/\/shopdepandore.com\/?product=cape-liu-jo\",\"url\":\"https:\/\/shopdepandore.com\/?product=cape-liu-jo\",\"name\":\"Cape LIU JO - La Bo\u00eete de Pandore\",\"isPartOf\":{\"@id\":\"https:\/\/shopdepandore.com\/#website\"},\"primaryImageOfPage\":{\"@id\":\"https:\/\/shopdepandore.com\/?product=cape-liu-jo#primaryimage\"},\"image\":{\"@id\":\"https:\/\/shopdepandore.com\/?product=cape-liu-jo#primaryimage\"},\"thumbnailUrl\":\"https:\/\/shopdepandore.com\/wp-content\/uploads\/2020\/11\/IMG_20201119_162422-scaled.jpg\",\"datePublished\":\"2020-11-20T19:47:48+00:00\",\"dateModified\":\"2021-03-25T19:27:07+00:00\",\"description\":\"Cette cape LIU JO bien chaude donnera style et \u00e9l\u00e9gance \u00e0 vos tenues.\",\"breadcrumb\":{\"@id\":\"https:\/\/shopdepandore.com\/?product=cape-liu-jo#breadcrumb\"},\"inLanguage\":\"fr-FR\",\"potentialAction\":[{\"@type\":\"ReadAction\",\"target\":[\"https:\/\/shopdepandore.com\/?product=cape-liu-jo\"]}]},{\"@type\":\"ImageObject\",\"inLanguage\":\"fr-FR\",\"@id\":\"https:\/\/shopdepandore.com\/?product=cape-liu-jo#primaryimage\",\"url\":\"https:\/\/shopdepandore.com\/wp-content\/uploads\/2020\/11\/IMG_20201119_162422-scaled.jpg\",\"contentUrl\":\"https:\/\/shopdepandore.com\/wp-content\/uploads\/2020\/11\/IMG_20201119_162422-scaled.jpg\",\"width\":2049,\"height\":2560},{\"@type\":\"BreadcrumbList\",\"@id\":\"https:\/\/shopdepandore.com\/?product=cape-liu-jo#breadcrumb\",\"itemListElement\":[{\"@type\":\"ListItem\",\"position\":1,\"name\":\"Accueil\",\"item\":\"https:\/\/shopdepandore.com\/\"},{\"@type\":\"ListItem\",\"position\":2,\"name\":\"Boutique\",\"item\":\"https:\/\/shopdepandore.com\/?page_id=1194\"},{\"@type\":\"ListItem\",\"position\":3,\"name\":\"Cape LIU JO\"}]},{\"@type\":\"WebSite\",\"@id\":\"https:\/\/shopdepandore.com\/#website\",\"url\":\"https:\/\/shopdepandore.com\/\",\"name\":\"La Bo\u00eete de Pandore\",\"description\":\"Concept-Store \u2022 Seconde Main \u2022 Caen\",\"potentialAction\":[{\"@type\":\"SearchAction\",\"target\":{\"@type\":\"EntryPoint\",\"urlTemplate\":\"https:\/\/shopdepandore.com\/?s={search_term_string}\"},\"query-input\":{\"@type\":\"PropertyValueSpecification\",\"valueRequired\":true,\"valueName\":\"search_term_string\"}}],\"inLanguage\":\"fr-FR\"}]}<\/script>\n<!-- \/ Yoast SEO plugin. -->","yoast_head_json":{"title":"Cape LIU JO - La Bo\u00eete de Pandore","description":"Cette cape LIU JO bien chaude donnera style et \u00e9l\u00e9gance \u00e0 vos tenues.","robots":{"index":"index","follow":"follow","max-snippet":"max-snippet:-1","max-image-preview":"max-image-preview:large","max-video-preview":"max-video-preview:-1"},"canonical":"https:\/\/shopdepandore.com\/?product=cape-liu-jo","og_locale":"fr_FR","og_type":"article","og_title":"Cape LIU JO - La Bo\u00eete de Pandore","og_description":"Cette cape LIU JO bien chaude donnera style et \u00e9l\u00e9gance \u00e0 vos tenues.","og_url":"https:\/\/shopdepandore.com\/?product=cape-liu-jo","og_site_name":"La Bo\u00eete de Pandore","article_modified_time":"2021-03-25T19:27:07+00:00","og_image":[{"width":2049,"height":2560,"url":"https:\/\/shopdepandore.com\/wp-content\/uploads\/2020\/11\/IMG_20201119_162422-scaled.jpg","type":"image\/jpeg"}],"twitter_card":"summary_large_image","schema":{"@context":"https:\/\/schema.org","@graph":[{"@type":"WebPage","@id":"https:\/\/shopdepandore.com\/?product=cape-liu-jo","url":"https:\/\/shopdepandore.com\/?product=cape-liu-jo","name":"Cape LIU JO - La Bo\u00eete de Pandore","isPartOf":{"@id":"https:\/\/shopdepandore.com\/#website"},"primaryImageOfPage":{"@id":"https:\/\/shopdepandore.com\/?product=cape-liu-jo#primaryimage"},"image":{"@id":"https:\/\/shopdepandore.com\/?product=cape-liu-jo#primaryimage"},"thumbnailUrl":"https:\/\/shopdepandore.com\/wp-content\/uploads\/2020\/11\/IMG_20201119_162422-scaled.jpg","datePublished":"2020-11-20T19:47:48+00:00","dateModified":"2021-03-25T19:27:07+00:00","description":"Cette cape LIU JO bien chaude donnera style et \u00e9l\u00e9gance \u00e0 vos tenues.","breadcrumb":{"@id":"https:\/\/shopdepandore.com\/?product=cape-liu-jo#breadcrumb"},"inLanguage":"fr-FR","potentialAction":[{"@type":"ReadAction","target":["https:\/\/shopdepandore.com\/?product=cape-liu-jo"]}]},{"@type":"ImageObject","inLanguage":"fr-FR","@id":"https:\/\/shopdepandore.com\/?product=cape-liu-jo#primaryimage","url":"https:\/\/shopdepandore.com\/wp-content\/uploads\/2020\/11\/IMG_20201119_162422-scaled.jpg","contentUrl":"https:\/\/shopdepandore.com\/wp-content\/uploads\/2020\/11\/IMG_20201119_162422-scaled.jpg","width":2049,"height":2560},{"@type":"BreadcrumbList","@id":"https:\/\/shopdepandore.com\/?product=cape-liu-jo#breadcrumb","itemListElement":[{"@type":"ListItem","position":1,"name":"Accueil","item":"https:\/\/shopdepandore.com\/"},{"@type":"ListItem","position":2,"name":"Boutique","item":"https:\/\/shopdepandore.com\/?page_id=1194"},{"@type":"ListItem","position":3,"name":"Cape LIU JO"}]},{"@type":"WebSite","@id":"https:\/\/shopdepandore.com\/#website","url":"https:\/\/shopdepandore.com\/","name":"La Bo\u00eete de Pandore","description":"Concept-Store \u2022 Seconde Main \u2022 Caen","potentialAction":[{"@type":"SearchAction","target":{"@type":"EntryPoint","urlTemplate":"https:\/\/shopdepandore.com\/?s={search_term_string}"},"query-input":{"@type":"PropertyValueSpecification","valueRequired":true,"valueName":"search_term_string"}}],"inLanguage":"fr-FR"}]}},"_links":{"self":[{"href":"https:\/\/shopdepandore.com\/index.php?rest_route=\/wp\/v2\/product\/1485","targetHints":{"allow":["GET"]}}],"collection":[{"href":"https:\/\/shopdepandore.com\/index.php?rest_route=\/wp\/v2\/product"}],"about":[{"href":"https:\/\/shopdepandore.com\/index.php?rest_route=\/wp\/v2\/types\/product"}],"replies":[{"embeddable":true,"href":"https:\/\/shopdepandore.com\/index.php?rest_route=%2Fwp%2Fv2%2Fcomments&post=1485"}],"wp:featuredmedia":[{"embeddable":true,"href":"https:\/\/shopdepandore.com\/index.php?rest_route=\/wp\/v2\/media\/1488"}],"wp:attachment":[{"href":"https:\/\/shopdepandore.com\/index.php?rest_route=%2Fwp%2Fv2%2Fmedia&parent=1485"}],"wp:term":[{"taxonomy":"product_brand","embeddable":true,"href":"https:\/\/shopdepandore.com\/index.php?rest_route=%2Fwp%2Fv2%2Fproduct_brand&post=1485"},{"taxonomy":"product_cat","embeddable":true,"href":"https:\/\/shopdepandore.com\/index.php?rest_route=%2Fwp%2Fv2%2Fproduct_cat&post=1485"},{"taxonomy":"product_tag","embeddable":true,"href":"https:\/\/shopdepandore.com\/index.php?rest_route=%2Fwp%2Fv2%2Fproduct_tag&post=1485"}],"curies":[{"name":"wp","href":"https:\/\/api.w.org\/{rel}","templated":true}]}}