{"id":4,"date":"2019-03-25T09:55:29","date_gmt":"2019-03-25T09:55:29","guid":{"rendered":"http:\/\/localhost\/boitedepandore\/?p=4"},"modified":"2020-11-22T15:34:55","modified_gmt":"2020-11-22T15:34:55","slug":"faq","status":"publish","type":"page","link":"https:\/\/shopdepandore.com\/?page_id=4","title":{"rendered":"FAQ"},"content":{"rendered":"<h1>COMMENT \u00e7A MARCHE ?<\/h1>\n<h2>Je souhaite vendre des articles<\/h2>\n<ul>\n<li>\n<h3>D\u00e9p\u00f4t classique<\/h3>\n<div>\n<p>Dans un d\u00e9p\u00f4t classique, nous \u00e9tablissons une fiche de d\u00e9p\u00f4t ensemble avec le prix que vous souhaitez en obtenir (notre commission sera ajout\u00e9 pour la vente), vous \u00eates pay\u00e9s lorsque les articles sont vendus. Vous pouvez effectuer une demande de d\u00e9p\u00f4t classique en <a href=\"https:\/\/shopdepandore.com\/?page_id=1530\">cliquant ici<\/a>, vous serez recontact\u00e9(e) au plus vite. Vous r\u00e9cup\u00e9rez ceux qui ne sont pas vendus au bout de deux mois.\u00a0<\/p>\n<\/div>\n<\/li>\n<li>\n<h3>J&rsquo;ai beaucoup d&rsquo;articles \u00e0 vendre<\/h3>\n<div>\n<p>Vous m\u2019apportez le tout (ou me proposez par photos en passant par le formulaire de d\u00e9p\u00f4t <a href=\"https:\/\/shopdepandore.com\/?page_id=1530\">ici<\/a> ou par mail sur la page <a href=\"https:\/\/shopdepandore.com\/?page_id=8\">contact<\/a>) tous vos articles et je vous fais une offre d\u2019achat cash.\u00a0\u00a0<\/p>\n<\/div>\n<\/li>\n<\/ul>\n<h2>Vous avez toujours des questions ?<\/h2>\n<p>\n    <a href=\"https:\/\/www.facebook.com\/laboitedepandore.caen\/\">Envoyez-nous un message sur Facebook !<\/a>\n<\/p>\n<p><!-- {\"type\":\"layout\",\"children\":[{\"type\":\"section\",\"props\":{\"style\":\"default\",\"width\":\"default\",\"vertical_align\":\"middle\",\"title_position\":\"top-left\",\"title_rotation\":\"left\",\"title_breakpoint\":\"xl\",\"image_position\":\"center-center\",\"padding\":\"small\",\"padding_remove_bottom\":true},\"children\":[{\"type\":\"row\",\"props\":{\"margin\":\"xlarge\"},\"children\":[{\"type\":\"column\",\"props\":{\"image_position\":\"center-center\",\"media_overlay_gradient\":\"\",\"width_medium\":\"1-1\"},\"children\":[{\"type\":\"headline\",\"props\":{\"title_element\":\"h1\",\"title_style\":\"h2\",\"text_align\":\"center\",\"content\":\"COMMENT \\u00e7A MARCHE ?\"}}]}]},{\"type\":\"row\",\"props\":{\"layout\":\"1-4,3-4\"},\"children\":[{\"type\":\"column\",\"props\":{\"image_position\":\"center-center\",\"media_overlay_gradient\":\"\",\"width_medium\":\"1-4\"},\"children\":[{\"type\":\"headline\",\"props\":{\"title_element\":\"h2\",\"title_style\":\"h5\",\"content\":\"Je souhaite vendre des articles\"}}]},{\"type\":\"column\",\"props\":{\"image_position\":\"center-center\",\"media_overlay_gradient\":\"\",\"width_medium\":\"3-4\"},\"children\":[{\"type\":\"description_list\",\"props\":{\"show_title\":true,\"show_meta\":true,\"show_content\":true,\"show_link\":true,\"layout\":\"grid-2\",\"meta_style\":\"meta\",\"meta_align\":\"below-content\",\"title_style\":\"h6\",\"title_color\":\"muted\",\"list_size\":\"large\",\"title_grid_column_gap\":\"\",\"title_grid_row_gap\":\"\",\"title_grid_breakpoint\":\"s\",\"title_grid_width\":\"medium\",\"title_element\":\"h3\",\"list_element\":\"ul\",\"column_breakpoint\":\"m\"},\"children\":[{\"type\":\"description_list_item\",\"props\":{\"title\":\"D\\u00e9p\\u00f4t classique\",\"content\":\"\n\n<p>Dans un d\\u00e9p\\u00f4t classique, nous \\u00e9tablissons une fiche de d\\u00e9p\\u00f4t ensemble avec le prix que vous souhaitez en obtenir (notre commission sera ajout\\u00e9 pour la vente), vous \\u00eates pay\\u00e9s lorsque les articles sont vendus. Vous pouvez effectuer une demande de d\\u00e9p\\u00f4t classique en <a href=\\\"https:\\\/\\\/shopdepandore.com\\\/?page_id=1530\\\">cliquant ici<\\\/a>, vous serez recontact\\u00e9(e) au plus vite. Vous r\\u00e9cup\\u00e9rez ceux qui ne sont pas vendus au bout de deux mois.\\u00a0<\\\/p>\",\"meta\":\"\"}},{\"type\":\"description_list_item\",\"props\":{\"title\":\"J'ai beaucoup d'articles \\u00e0 vendre\",\"content\":\"\n\n<p>Vous m\\u2019apportez le tout (ou me proposez par photos en passant par le formulaire de d\\u00e9p\\u00f4t <a href=\\\"https:\\\/\\\/shopdepandore.com\\\/?page_id=1530\\\">ici<\\\/a> ou par mail sur la page <a href=\\\"https:\\\/\\\/shopdepandore.com\\\/?page_id=8\\\">contact<\\\/a>) tous vos articles et je vous fais une offre d\\u2019achat cash.\\u00a0\\u00a0<\\\/p>\"}}]}]}]}],\"name\":\"FAQ\"},{\"type\":\"section\",\"props\":{\"style\":\"default\",\"width\":\"default\",\"vertical_align\":\"middle\",\"title_position\":\"top-left\",\"title_rotation\":\"left\",\"title_breakpoint\":\"xl\",\"image_position\":\"center-center\",\"padding\":\"xlarge\",\"padding_remove_bottom\":true},\"children\":[{\"type\":\"row\",\"props\":{\"layout\":\"1-4,1-2,1-4\",\"margin\":\"xlarge\"},\"children\":[{\"type\":\"column\",\"props\":{\"image_position\":\"center-center\",\"media_overlay_gradient\":\"\",\"width_medium\":\"1-4\"},\"children\":[]},{\"type\":\"column\",\"props\":{\"image_position\":\"center-center\",\"media_overlay_gradient\":\"\",\"vertical_align\":\"middle\",\"width_medium\":\"1-2\"},\"children\":[{\"type\":\"headline\",\"props\":{\"title_element\":\"h2\",\"title_style\":\"h4\",\"text_align\":\"center\",\"margin\":\"medium\",\"content\":\"Vous avez toujours des questions ?\"}},{\"type\":\"button\",\"props\":{\"margin\":\"default\",\"button_size\":\"large\",\"text_align\":\"center\",\"grid_column_gap\":\"\",\"grid_row_gap\":\"\"},\"children\":[{\"type\":\"button_item\",\"props\":{\"button_style\":\"default\",\"icon_align\":\"left\",\"content\":\"Envoyez-nous un message sur Facebook !\",\"link\":\"https:\\\/\\\/www.facebook.com\\\/laboitedepandore.caen\\\/\"}}]}]},{\"type\":\"column\",\"props\":{\"image_position\":\"center-center\",\"media_overlay_gradient\":\"\",\"width_medium\":\"1-4\"},\"children\":[]}]}],\"name\":\"Call to Action\"}],\"version\":\"2.3.14\"} --><\/p>\n","protected":false},"excerpt":{"rendered":"<p>COMMENT \u00e7A MARCHE ? Je souhaite vendre des articles D\u00e9p\u00f4t classique Dans un d\u00e9p\u00f4t classique, nous \u00e9tablissons une fiche de d\u00e9p\u00f4t ensemble avec le prix que vous souhaitez en obtenir (notre commission sera ajout\u00e9 pour la vente), vous \u00eates pay\u00e9s lorsque les articles sont vendus. Vous pouvez effectuer une demande de d\u00e9p\u00f4t classique en cliquant [&hellip;]<\/p>\n","protected":false},"author":1,"featured_media":0,"parent":0,"menu_order":4,"comment_status":"open","ping_status":"open","template":"","meta":{"_acf_changed":false,"footnotes":""},"class_list":["post-4","page","type-page","status-publish","hentry"],"acf":[],"yoast_head":"<!-- This site is optimized with the Yoast SEO plugin v27.2 - https:\/\/yoast.com\/product\/yoast-seo-wordpress\/ -->\n<title>FAQ - La Bo\u00eete de Pandore<\/title>\n<meta name=\"robots\" content=\"index, follow, max-snippet:-1, max-image-preview:large, max-video-preview:-1\" \/>\n<link rel=\"canonical\" href=\"https:\/\/shopdepandore.com\/?page_id=4\" \/>\n<meta property=\"og:locale\" content=\"fr_FR\" \/>\n<meta property=\"og:type\" content=\"article\" \/>\n<meta property=\"og:title\" content=\"FAQ - La Bo\u00eete de Pandore\" \/>\n<meta property=\"og:description\" content=\"COMMENT \u00e7A MARCHE ? Je souhaite vendre des articles D\u00e9p\u00f4t classique Dans un d\u00e9p\u00f4t classique, nous \u00e9tablissons une fiche de d\u00e9p\u00f4t ensemble avec le prix que vous souhaitez en obtenir (notre commission sera ajout\u00e9 pour la vente), vous \u00eates pay\u00e9s lorsque les articles sont vendus. Vous pouvez effectuer une demande de d\u00e9p\u00f4t classique en cliquant [&hellip;]\" \/>\n<meta property=\"og:url\" content=\"https:\/\/shopdepandore.com\/?page_id=4\" \/>\n<meta property=\"og:site_name\" content=\"La Bo\u00eete de Pandore\" \/>\n<meta property=\"article:modified_time\" content=\"2020-11-22T15:34:55+00:00\" \/>\n<meta name=\"twitter:card\" content=\"summary_large_image\" \/>\n<meta name=\"twitter:label1\" content=\"Dur\u00e9e de lecture estim\u00e9e\" \/>\n\t<meta name=\"twitter:data1\" content=\"1 minute\" \/>\n<script type=\"application\/ld+json\" class=\"yoast-schema-graph\">{\"@context\":\"https:\/\/schema.org\",\"@graph\":[{\"@type\":\"WebPage\",\"@id\":\"https:\/\/shopdepandore.com\/?page_id=4\",\"url\":\"https:\/\/shopdepandore.com\/?page_id=4\",\"name\":\"FAQ - La Bo\u00eete de Pandore\",\"isPartOf\":{\"@id\":\"https:\/\/shopdepandore.com\/#website\"},\"datePublished\":\"2019-03-25T09:55:29+00:00\",\"dateModified\":\"2020-11-22T15:34:55+00:00\",\"breadcrumb\":{\"@id\":\"https:\/\/shopdepandore.com\/?page_id=4#breadcrumb\"},\"inLanguage\":\"fr-FR\",\"potentialAction\":[{\"@type\":\"ReadAction\",\"target\":[\"https:\/\/shopdepandore.com\/?page_id=4\"]}]},{\"@type\":\"BreadcrumbList\",\"@id\":\"https:\/\/shopdepandore.com\/?page_id=4#breadcrumb\",\"itemListElement\":[{\"@type\":\"ListItem\",\"position\":1,\"name\":\"Accueil\",\"item\":\"https:\/\/shopdepandore.com\/\"},{\"@type\":\"ListItem\",\"position\":2,\"name\":\"FAQ\"}]},{\"@type\":\"WebSite\",\"@id\":\"https:\/\/shopdepandore.com\/#website\",\"url\":\"https:\/\/shopdepandore.com\/\",\"name\":\"La Bo\u00eete de Pandore\",\"description\":\"Concept-Store \u2022 Seconde Main \u2022 Caen\",\"potentialAction\":[{\"@type\":\"SearchAction\",\"target\":{\"@type\":\"EntryPoint\",\"urlTemplate\":\"https:\/\/shopdepandore.com\/?s={search_term_string}\"},\"query-input\":{\"@type\":\"PropertyValueSpecification\",\"valueRequired\":true,\"valueName\":\"search_term_string\"}}],\"inLanguage\":\"fr-FR\"}]}<\/script>\n<!-- \/ Yoast SEO plugin. -->","yoast_head_json":{"title":"FAQ - La Bo\u00eete de Pandore","robots":{"index":"index","follow":"follow","max-snippet":"max-snippet:-1","max-image-preview":"max-image-preview:large","max-video-preview":"max-video-preview:-1"},"canonical":"https:\/\/shopdepandore.com\/?page_id=4","og_locale":"fr_FR","og_type":"article","og_title":"FAQ - La Bo\u00eete de Pandore","og_description":"COMMENT \u00e7A MARCHE ? Je souhaite vendre des articles D\u00e9p\u00f4t classique Dans un d\u00e9p\u00f4t classique, nous \u00e9tablissons une fiche de d\u00e9p\u00f4t ensemble avec le prix que vous souhaitez en obtenir (notre commission sera ajout\u00e9 pour la vente), vous \u00eates pay\u00e9s lorsque les articles sont vendus. Vous pouvez effectuer une demande de d\u00e9p\u00f4t classique en cliquant [&hellip;]","og_url":"https:\/\/shopdepandore.com\/?page_id=4","og_site_name":"La Bo\u00eete de Pandore","article_modified_time":"2020-11-22T15:34:55+00:00","twitter_card":"summary_large_image","twitter_misc":{"Dur\u00e9e de lecture estim\u00e9e":"1 minute"},"schema":{"@context":"https:\/\/schema.org","@graph":[{"@type":"WebPage","@id":"https:\/\/shopdepandore.com\/?page_id=4","url":"https:\/\/shopdepandore.com\/?page_id=4","name":"FAQ - La Bo\u00eete de Pandore","isPartOf":{"@id":"https:\/\/shopdepandore.com\/#website"},"datePublished":"2019-03-25T09:55:29+00:00","dateModified":"2020-11-22T15:34:55+00:00","breadcrumb":{"@id":"https:\/\/shopdepandore.com\/?page_id=4#breadcrumb"},"inLanguage":"fr-FR","potentialAction":[{"@type":"ReadAction","target":["https:\/\/shopdepandore.com\/?page_id=4"]}]},{"@type":"BreadcrumbList","@id":"https:\/\/shopdepandore.com\/?page_id=4#breadcrumb","itemListElement":[{"@type":"ListItem","position":1,"name":"Accueil","item":"https:\/\/shopdepandore.com\/"},{"@type":"ListItem","position":2,"name":"FAQ"}]},{"@type":"WebSite","@id":"https:\/\/shopdepandore.com\/#website","url":"https:\/\/shopdepandore.com\/","name":"La Bo\u00eete de Pandore","description":"Concept-Store \u2022 Seconde Main \u2022 Caen","potentialAction":[{"@type":"SearchAction","target":{"@type":"EntryPoint","urlTemplate":"https:\/\/shopdepandore.com\/?s={search_term_string}"},"query-input":{"@type":"PropertyValueSpecification","valueRequired":true,"valueName":"search_term_string"}}],"inLanguage":"fr-FR"}]}},"_links":{"self":[{"href":"https:\/\/shopdepandore.com\/index.php?rest_route=\/wp\/v2\/pages\/4","targetHints":{"allow":["GET"]}}],"collection":[{"href":"https:\/\/shopdepandore.com\/index.php?rest_route=\/wp\/v2\/pages"}],"about":[{"href":"https:\/\/shopdepandore.com\/index.php?rest_route=\/wp\/v2\/types\/page"}],"author":[{"embeddable":true,"href":"https:\/\/shopdepandore.com\/index.php?rest_route=\/wp\/v2\/users\/1"}],"replies":[{"embeddable":true,"href":"https:\/\/shopdepandore.com\/index.php?rest_route=%2Fwp%2Fv2%2Fcomments&post=4"}],"version-history":[{"count":6,"href":"https:\/\/shopdepandore.com\/index.php?rest_route=\/wp\/v2\/pages\/4\/revisions"}],"predecessor-version":[{"id":1612,"href":"https:\/\/shopdepandore.com\/index.php?rest_route=\/wp\/v2\/pages\/4\/revisions\/1612"}],"wp:attachment":[{"href":"https:\/\/shopdepandore.com\/index.php?rest_route=%2Fwp%2Fv2%2Fmedia&parent=4"}],"curies":[{"name":"wp","href":"https:\/\/api.w.org\/{rel}","templated":true}]}}