{"id":1530,"date":"2020-11-21T19:12:11","date_gmt":"2020-11-21T19:12:11","guid":{"rendered":"https:\/\/shopdepandore.com\/?page_id=1530"},"modified":"2023-03-12T09:58:18","modified_gmt":"2023-03-12T09:58:18","slug":"demande-de-depot-darticle","status":"publish","type":"page","link":"https:\/\/shopdepandore.com\/?page_id=1530","title":{"rendered":"Demande de d\u00e9p\u00f4t d&rsquo;article"},"content":{"rendered":"\n<p><strong>Si vous poss\u00e9dez d\u00e9j\u00e0 un compte, vous pouvez d\u00e9poser un article directement depuis votre espace client <a href=\"https:\/\/shopdepandore.com\/?page_id=1197&amp;proposer-un-article\">en cliquant ici<\/a>. Si vous ne poss\u00e9dez pas de compte, vous pouvez remplir le formulaire de d\u00e9p\u00f4t sans compte requis ci-dessous.<\/strong><\/p>\n\n\n\n<div class=\"wp-block-contact-form-7-contact-form-selector\">[contact-form-7 id=\u00a0\u00bb1358&Prime; title=\u00a0\u00bbFormulaire de d\u00e9p\u00f4t d&rsquo;article\u00a0\u00bb]<\/div>\n","protected":false},"excerpt":{"rendered":"<p>Si vous poss\u00e9dez d\u00e9j\u00e0 un compte, vous pouvez d\u00e9poser un article directement depuis votre espace client en cliquant ici. Si vous ne poss\u00e9dez pas de compte, vous pouvez remplir le formulaire de d\u00e9p\u00f4t sans compte requis ci-dessous.<\/p>\n","protected":false},"author":8,"featured_media":0,"parent":0,"menu_order":0,"comment_status":"closed","ping_status":"closed","template":"","meta":{"_acf_changed":false,"footnotes":""},"class_list":["post-1530","page","type-page","status-publish","hentry"],"acf":[],"yoast_head":"<!-- This site is optimized with the Yoast SEO plugin v27.2 - https:\/\/yoast.com\/product\/yoast-seo-wordpress\/ -->\n<title>Demande de d\u00e9p\u00f4t d&#039;article - La Bo\u00eete de Pandore<\/title>\n<meta name=\"robots\" content=\"index, follow, max-snippet:-1, max-image-preview:large, max-video-preview:-1\" \/>\n<link rel=\"canonical\" href=\"https:\/\/shopdepandore.com\/?page_id=1530\" \/>\n<meta property=\"og:locale\" content=\"fr_FR\" \/>\n<meta property=\"og:type\" content=\"article\" \/>\n<meta property=\"og:title\" content=\"Demande de d\u00e9p\u00f4t d&#039;article - La Bo\u00eete de Pandore\" \/>\n<meta property=\"og:description\" content=\"Si vous poss\u00e9dez d\u00e9j\u00e0 un compte, vous pouvez d\u00e9poser un article directement depuis votre espace client en cliquant ici. Si vous ne poss\u00e9dez pas de compte, vous pouvez remplir le formulaire de d\u00e9p\u00f4t sans compte requis ci-dessous.\" \/>\n<meta property=\"og:url\" content=\"https:\/\/shopdepandore.com\/?page_id=1530\" \/>\n<meta property=\"og:site_name\" content=\"La Bo\u00eete de Pandore\" \/>\n<meta property=\"article:modified_time\" content=\"2023-03-12T09:58:18+00:00\" \/>\n<meta name=\"twitter:card\" content=\"summary_large_image\" \/>\n<script type=\"application\/ld+json\" class=\"yoast-schema-graph\">{\"@context\":\"https:\/\/schema.org\",\"@graph\":[{\"@type\":\"WebPage\",\"@id\":\"https:\/\/shopdepandore.com\/?page_id=1530\",\"url\":\"https:\/\/shopdepandore.com\/?page_id=1530\",\"name\":\"Demande de d\u00e9p\u00f4t d'article - La Bo\u00eete de Pandore\",\"isPartOf\":{\"@id\":\"https:\/\/shopdepandore.com\/#website\"},\"datePublished\":\"2020-11-21T19:12:11+00:00\",\"dateModified\":\"2023-03-12T09:58:18+00:00\",\"breadcrumb\":{\"@id\":\"https:\/\/shopdepandore.com\/?page_id=1530#breadcrumb\"},\"inLanguage\":\"fr-FR\",\"potentialAction\":[{\"@type\":\"ReadAction\",\"target\":[\"https:\/\/shopdepandore.com\/?page_id=1530\"]}]},{\"@type\":\"BreadcrumbList\",\"@id\":\"https:\/\/shopdepandore.com\/?page_id=1530#breadcrumb\",\"itemListElement\":[{\"@type\":\"ListItem\",\"position\":1,\"name\":\"Accueil\",\"item\":\"https:\/\/shopdepandore.com\/\"},{\"@type\":\"ListItem\",\"position\":2,\"name\":\"Demande de d\u00e9p\u00f4t d&rsquo;article\"}]},{\"@type\":\"WebSite\",\"@id\":\"https:\/\/shopdepandore.com\/#website\",\"url\":\"https:\/\/shopdepandore.com\/\",\"name\":\"La Bo\u00eete de Pandore\",\"description\":\"Concept-Store \u2022 Seconde Main \u2022 Caen\",\"potentialAction\":[{\"@type\":\"SearchAction\",\"target\":{\"@type\":\"EntryPoint\",\"urlTemplate\":\"https:\/\/shopdepandore.com\/?s={search_term_string}\"},\"query-input\":{\"@type\":\"PropertyValueSpecification\",\"valueRequired\":true,\"valueName\":\"search_term_string\"}}],\"inLanguage\":\"fr-FR\"}]}<\/script>\n<!-- \/ Yoast SEO plugin. -->","yoast_head_json":{"title":"Demande de d\u00e9p\u00f4t d'article - La Bo\u00eete de Pandore","robots":{"index":"index","follow":"follow","max-snippet":"max-snippet:-1","max-image-preview":"max-image-preview:large","max-video-preview":"max-video-preview:-1"},"canonical":"https:\/\/shopdepandore.com\/?page_id=1530","og_locale":"fr_FR","og_type":"article","og_title":"Demande de d\u00e9p\u00f4t d'article - La Bo\u00eete de Pandore","og_description":"Si vous poss\u00e9dez d\u00e9j\u00e0 un compte, vous pouvez d\u00e9poser un article directement depuis votre espace client en cliquant ici. Si vous ne poss\u00e9dez pas de compte, vous pouvez remplir le formulaire de d\u00e9p\u00f4t sans compte requis ci-dessous.","og_url":"https:\/\/shopdepandore.com\/?page_id=1530","og_site_name":"La Bo\u00eete de Pandore","article_modified_time":"2023-03-12T09:58:18+00:00","twitter_card":"summary_large_image","schema":{"@context":"https:\/\/schema.org","@graph":[{"@type":"WebPage","@id":"https:\/\/shopdepandore.com\/?page_id=1530","url":"https:\/\/shopdepandore.com\/?page_id=1530","name":"Demande de d\u00e9p\u00f4t d'article - La Bo\u00eete de Pandore","isPartOf":{"@id":"https:\/\/shopdepandore.com\/#website"},"datePublished":"2020-11-21T19:12:11+00:00","dateModified":"2023-03-12T09:58:18+00:00","breadcrumb":{"@id":"https:\/\/shopdepandore.com\/?page_id=1530#breadcrumb"},"inLanguage":"fr-FR","potentialAction":[{"@type":"ReadAction","target":["https:\/\/shopdepandore.com\/?page_id=1530"]}]},{"@type":"BreadcrumbList","@id":"https:\/\/shopdepandore.com\/?page_id=1530#breadcrumb","itemListElement":[{"@type":"ListItem","position":1,"name":"Accueil","item":"https:\/\/shopdepandore.com\/"},{"@type":"ListItem","position":2,"name":"Demande de d\u00e9p\u00f4t d&rsquo;article"}]},{"@type":"WebSite","@id":"https:\/\/shopdepandore.com\/#website","url":"https:\/\/shopdepandore.com\/","name":"La Bo\u00eete de Pandore","description":"Concept-Store \u2022 Seconde Main \u2022 Caen","potentialAction":[{"@type":"SearchAction","target":{"@type":"EntryPoint","urlTemplate":"https:\/\/shopdepandore.com\/?s={search_term_string}"},"query-input":{"@type":"PropertyValueSpecification","valueRequired":true,"valueName":"search_term_string"}}],"inLanguage":"fr-FR"}]}},"_links":{"self":[{"href":"https:\/\/shopdepandore.com\/index.php?rest_route=\/wp\/v2\/pages\/1530","targetHints":{"allow":["GET"]}}],"collection":[{"href":"https:\/\/shopdepandore.com\/index.php?rest_route=\/wp\/v2\/pages"}],"about":[{"href":"https:\/\/shopdepandore.com\/index.php?rest_route=\/wp\/v2\/types\/page"}],"author":[{"embeddable":true,"href":"https:\/\/shopdepandore.com\/index.php?rest_route=\/wp\/v2\/users\/8"}],"replies":[{"embeddable":true,"href":"https:\/\/shopdepandore.com\/index.php?rest_route=%2Fwp%2Fv2%2Fcomments&post=1530"}],"version-history":[{"count":1,"href":"https:\/\/shopdepandore.com\/index.php?rest_route=\/wp\/v2\/pages\/1530\/revisions"}],"predecessor-version":[{"id":1531,"href":"https:\/\/shopdepandore.com\/index.php?rest_route=\/wp\/v2\/pages\/1530\/revisions\/1531"}],"wp:attachment":[{"href":"https:\/\/shopdepandore.com\/index.php?rest_route=%2Fwp%2Fv2%2Fmedia&parent=1530"}],"curies":[{"name":"wp","href":"https:\/\/api.w.org\/{rel}","templated":true}]}}