{"id":1,"date":"2019-03-25T09:55:29","date_gmt":"2019-03-25T09:55:29","guid":{"rendered":"http:\/\/localhost\/boitedepandore\/?p=1"},"modified":"2020-11-21T19:13:03","modified_gmt":"2020-11-21T19:13:03","slug":"accueil","status":"publish","type":"page","link":"https:\/\/shopdepandore.com\/","title":{"rendered":"Accueil"},"content":{"rendered":"<div>\n<p>    <img decoding=\"async\" src=\"\/wp-content\/uploads\/2020\/11\/2e205370-c365-4330-878d-8c9590d0a530.jpg\" alt=\"\"><\/p>\n<h2>La bo\u00eete de <br \/>pandore<\/h2>\n<p>Concept-store \u2022 seconde main<\/p>\n<\/div>\n<ul>\n<li>\n        <a href=\"\/index.php?page_id=1194\">voir nos articles<\/a>\n    <\/li>\n<li>\n        <a href=\"https:\/\/shopdepandore.com\/?page_id=1530\">d\u00e9poser un article<\/a>\n    <\/li>\n<\/ul>\n<ul>\n<li>\n        <a href=\"\/index.php?page_id=1194\">Nos articles<\/a>\n    <\/li>\n<li>\n        <a href=\"https:\/\/shopdepandore.com\/?page_id=1530\">D\u00e9p\u00f4t d&rsquo;article<\/a>\n    <\/li>\n<\/ul>\n<h2>Nos articles<\/h2>\n<div>\n<p>Retrouvez ci-dessous les diff\u00e9rentes cat\u00e9gories de nos articles, n&rsquo;h\u00e9sitez pas \u00e0 y jeter un \u0153il.\u00a0<\/p>\n<\/div>\n<ul>\n<li>\n<p>        <img decoding=\"async\" src=\"\/wp-content\/uploads\/2020\/11\/120776101_228083358730318_2136188772639683744_o.jpg\" alt=\"\"><\/p>\n<h3>Vestes &#038; Manteaux<\/h3>\n<p><a href=\"https:\/\/shopdepandore.com\/?product_cat=vestesmanteaux\"><\/a><\/p>\n<\/li>\n<li>\n<p>        <img decoding=\"async\" src=\"\/wp-content\/uploads\/2020\/11\/117818191_215271000011554_8057094804883549101_o.jpg\" alt=\"\"><\/p>\n<h3>Hauts<\/h3>\n<p><a href=\"https:\/\/shopdepandore.com\/?product_cat=hauts\"><\/a><\/p>\n<\/li>\n<li>\n<p>        <img decoding=\"async\" src=\"\/wp-content\/uploads\/2020\/11\/118814532_220924012779586_1349622040259390385_o.jpg\" alt=\"\"><\/p>\n<h3>Robes &#038; Jupes<\/h3>\n<p><a href=\"https:\/\/shopdepandore.com\/?product_cat=robesjupes\"><\/a><\/p>\n<\/li>\n<li>\n<p>        <img decoding=\"async\" src=\"\/wp-content\/uploads\/2020\/11\/jeans-2979818_1920.jpg\" alt=\"\"><\/p>\n<h3>Bas<\/h3>\n<p><a href=\"https:\/\/shopdepandore.com\/?product_cat=bas\"><\/a><\/p>\n<\/li>\n<li>\n<p>        <img decoding=\"async\" src=\"\/wp-content\/uploads\/2020\/11\/bright-1866986_1280.jpg\" alt=\"\"><\/p>\n<h3>Accessoires &#038; Bijoux<\/h3>\n<p><a href=\"https:\/\/shopdepandore.com\/?product_cat=accessoires\"><\/a><\/p>\n<\/li>\n<li>\n<p>        <img decoding=\"async\" src=\"\/wp-content\/uploads\/2020\/11\/106008532_200444154827572_4763863638934567993_o.jpg\" alt=\"\"><\/p>\n<h3>D\u00e9coration<\/h3>\n<p><a href=\"https:\/\/shopdepandore.com\/?product_cat=deco\"><\/a><\/p>\n<\/li>\n<\/ul>\n<hr>\n<p><img decoding=\"async\" src=\"\/wp-content\/uploads\/2020\/11\/116931764_212691333602854_10961014875410120_o.jpg\" alt=\"\"><\/p>\n<h2>notre boutique.<\/h2>\n<ul>\n<li>\n<h3>Contact<\/h3>\n<div>\n<p>11 Bis Rue Demolombe<br \/>14000 Caen<br \/>Normandie, France<\/p>\n<p>Tel: <a href=\"tel:0783231993\">07 83 23 19 93<\/a><\/p>\n<p>Email: <a href=\"mailto:laboitedepandore.caen@gmail.com\">laboitedepandore.caen@gmail.com<\/a><\/p>\n<\/div>\n<\/li>\n<li>\n<h3>Opening Hours<\/h3>\n<div>\n<div class=\"uk-margin-small\">Horaires d&rsquo;ouverture<\/div>\n<div><strong>Lundi<\/strong> \u2022 Ferm\u00e9<\/div>\n<div><strong>Mardi<\/strong> \u2022 11h \u00e0 19h<br \/><strong>Mercredi<\/strong> \u2022 11h \u00e0 19h<br \/><strong>Jeudi<\/strong> \u2022 11h \u00e0 19h<br \/><strong>Vendredi<\/strong> \u2022 11h \u00e0 19h<br \/><strong>Samedi<\/strong> \u2022 11h \u00e0 19h<br \/><strong>Dimanche<\/strong> \u2022 Ferm\u00e9<\/div>\n<\/div>\n<\/li>\n<\/ul>\n<p>\n    <a href=\"\/index.php?page_id=8\">Contact<\/a>\n<\/p>\n<p><!-- {\"name\":\"Accueilpandore\",\"type\":\"layout\",\"children\":[{\"type\":\"section\",\"props\":{\"style\":\"primary\",\"width\":\"\",\"vertical_align\":\"middle\",\"title_position\":\"top-left\",\"title_rotation\":\"left\",\"title_breakpoint\":\"xl\",\"image_position\":\"center-center\",\"padding\":\"none\",\"header_transparent_noplaceholder\":true,\"preserve_color\":false},\"children\":[{\"type\":\"row\",\"children\":[{\"type\":\"column\",\"props\":{\"image_position\":\"center-center\",\"media_overlay_gradient\":\"\",\"text_color\":\"light\",\"width_medium\":\"1-1\"},\"children\":[{\"type\":\"slideshow\",\"props\":{\"show_title\":true,\"show_meta\":true,\"show_content\":true,\"show_link\":true,\"show_thumbnail\":true,\"slideshow_min_height\":\"600\",\"slideshow_autoplay_pause\":true,\"nav\":\"\",\"nav_position\":\"bottom-center\",\"nav_position_margin\":\"medium\",\"nav_align\":\"center\",\"nav_breakpoint\":\"s\",\"thumbnav_width\":\"100\",\"thumbnav_height\":\"75\",\"thumbnav_svg_color\":\"emphasis\",\"slidenav\":\"\",\"slidenav_margin\":\"medium\",\"slidenav_breakpoint\":\"s\",\"slidenav_outside_breakpoint\":\"xl\",\"overlay_position\":\"center\",\"overlay_animation\":\"parallax\",\"title_element\":\"h2\",\"meta_style\":\"h4\",\"meta_align\":\"below-title\",\"link_text\":\"Read more\",\"link_style\":\"secondary\",\"margin\":\"remove-vertical\",\"slideshow_height\":\"full\",\"text_color\":\"light\",\"slideshow_box_shadow\":\"\",\"slideshow_box_decoration\":\"\",\"slideshow_animation\":\"fade\",\"slideshow_kenburns\":\"\",\"nav_margin\":\"\",\"nav_color\":\"\",\"slidenav_outside_color\":\"\",\"overlay_container\":\"\",\"overlay_container_padding\":\"\",\"overlay_width\":\"\",\"title_style\":\"heading-large\",\"meta_margin\":\"small\",\"content_style\":\"lead\",\"content_margin\":\"large\",\"link_size\":\"large\",\"link_margin\":\"xlarge\",\"text_align\":\"center\",\"animation\":\"parallax\",\"slideshow_autoplay\":true,\"slideshow_autoplay_interval\":\"5\",\"css\":\"@media (max-width: 640px) {\\n    .el-meta {\\n        display: none;\\n    }\\n}\",\"image_width\":\"1840\",\"meta_element\":\"div\"},\"children\":[{\"type\":\"slideshow_item\",\"props\":{\"image\":\"wp-content\\\/uploads\\\/2020\\\/11\\\/2e205370-c365-4330-878d-8c9590d0a530.jpg\",\"title\":\"La bo\\u00eete de <br \/>pandore\",\"content\":\"\",\"meta\":\"Concept-store \\u2022 seconde main\",\"link\":\"\"}}]},{\"type\":\"button\",\"props\":{\"margin\":\"default\",\"button_size\":\"large\",\"position\":\"absolute\",\"position_z_index\":\"1\",\"text_align\":\"center\",\"position_bottom\":\"5vh\",\"grid_column_gap\":\"small\",\"grid_row_gap\":\"small\",\"visibility\":\"m\"},\"children\":[{\"type\":\"button_item\",\"props\":{\"button_style\":\"secondary\",\"icon_align\":\"left\",\"content\":\"voir nos articles\",\"link\":\"index.php?page_id=1194\"}},{\"type\":\"button_item\",\"props\":{\"button_style\":\"primary\",\"icon_align\":\"left\",\"link_target\":\"blank\",\"content\":\"d\\u00e9poser un article\",\"link\":\"https:\\\/\\\/shopdepandore.com\\\/?page_id=1530\"}}]},{\"type\":\"button\",\"props\":{\"margin\":\"default\",\"position\":\"absolute\",\"position_z_index\":\"1\",\"text_align\":\"center\",\"position_bottom\":\"5vh\",\"grid_column_gap\":\"small\",\"grid_row_gap\":\"small\",\"visibility\":\"hidden-m\",\"fullwidth\":false},\"children\":[{\"type\":\"button_item\",\"props\":{\"button_style\":\"secondary\",\"icon_align\":\"left\",\"content\":\"Nos articles\",\"link\":\"index.php?page_id=1194\"}},{\"type\":\"button_item\",\"props\":{\"button_style\":\"primary\",\"icon_align\":\"left\",\"link_target\":\"blank\",\"content\":\"D\\u00e9p\\u00f4t d'article\",\"link\":\"https:\\\/\\\/shopdepandore.com\\\/?page_id=1530\"}}]}]}]}],\"name\":\"Hero\"},{\"type\":\"section\",\"props\":{\"style\":\"default\",\"width\":\"xlarge\",\"vertical_align\":\"middle\",\"title_position\":\"top-left\",\"title_rotation\":\"left\",\"title_breakpoint\":\"xl\",\"image_position\":\"center-center\",\"padding\":\"small\",\"padding_remove_bottom\":true},\"children\":[{\"type\":\"row\",\"props\":{\"layout\":\"1-3,1-3,1-3\",\"column_gap\":\"collapse\",\"row_gap\":\"collapse\",\"match\":false},\"children\":[{\"type\":\"column\",\"props\":{\"image_position\":\"center-center\",\"media_overlay_gradient\":\"\",\"width_large\":\"1-3\"},\"children\":[]},{\"type\":\"column\",\"props\":{\"image_position\":\"center-center\",\"media_overlay_gradient\":\"\",\"vertical_align\":\"middle\",\"width_large\":\"1-3\"},\"children\":[{\"type\":\"headline\",\"props\":{\"title_element\":\"h2\",\"title_style\":\"h1\",\"text_align\":\"center\",\"content\":\"Nos articles\",\"position_left\":\"0\"}},{\"type\":\"divider\",\"props\":{\"divider_element\":\"div\",\"divider_style\":\"small\",\"divider_align\":\"center\",\"divider_align_breakpoint\":\"\",\"divider_align_fallback\":\"\",\"margin\":\"medium\"}},{\"type\":\"text\",\"props\":{\"margin\":\"default\",\"column_breakpoint\":\"m\",\"text_align\":\"center\",\"maxwidth\":\"large\",\"content\":\"\n\n<p>Retrouvez ci-dessous les diff\\u00e9rentes cat\\u00e9gories de nos articles, n'h\\u00e9sitez pas \\u00e0 y jeter un \\u0153il.\\u00a0<\\\/p>\",\"block_align\":\"center\"}}]},{\"type\":\"column\",\"props\":{\"image_position\":\"center-center\",\"media_overlay_gradient\":\"\",\"width_large\":\"1-3\"},\"children\":[]}]},{\"type\":\"row\",\"children\":[{\"type\":\"column\",\"props\":{\"image_position\":\"center-center\",\"media_overlay_gradient\":\"\",\"width_medium\":\"1-1\"},\"children\":[{\"type\":\"grid\",\"props\":{\"show_title\":true,\"show_meta\":true,\"show_content\":true,\"show_image\":true,\"show_link\":true,\"grid_default\":\"2\",\"grid_medium\":\"3\",\"filter_style\":\"tab\",\"filter_all\":true,\"filter_position\":\"top\",\"filter_align\":\"left\",\"filter_grid_width\":\"auto\",\"title_element\":\"h3\",\"title_align\":\"top\",\"title_grid_width\":\"1-2\",\"meta_style\":\"meta\",\"meta_align\":\"below-title\",\"image_align\":\"top\",\"image_grid_width\":\"1-2\",\"image_svg_color\":\"emphasis\",\"link_text\":\"\",\"link_style\":\"default\",\"margin\":\"default\",\"item_animation\":\"\",\"title_style\":\"h6\",\"text_align\":\"center\",\"image_width\":\"510\",\"title_hover_style\":\"heading\",\"image_transition\":\"scale-up\",\"filter_grid_breakpoint\":\"m\",\"title_grid_breakpoint\":\"m\",\"image_grid_breakpoint\":\"m\",\"panel_link\":true,\"icon_width\":80,\"meta_element\":\"div\",\"content_column_breakpoint\":\"m\",\"image_height\":\"300\"},\"children\":[{\"type\":\"grid_item\",\"props\":{\"title\":\"Vestes & Manteaux\",\"image\":\"wp-content\\\/uploads\\\/2020\\\/11\\\/120776101_228083358730318_2136188772639683744_o.jpg\",\"link\":\"https:\\\/\\\/shopdepandore.com\\\/?product_cat=vestesmanteaux\"}},{\"type\":\"grid_item\",\"props\":{\"title\":\"Hauts\",\"image\":\"wp-content\\\/uploads\\\/2020\\\/11\\\/117818191_215271000011554_8057094804883549101_o.jpg\",\"link\":\"https:\\\/\\\/shopdepandore.com\\\/?product_cat=hauts\"}},{\"type\":\"grid_item\",\"props\":{\"title\":\"Robes & Jupes\",\"image\":\"wp-content\\\/uploads\\\/2020\\\/11\\\/118814532_220924012779586_1349622040259390385_o.jpg\",\"link\":\"https:\\\/\\\/shopdepandore.com\\\/?product_cat=robesjupes\"}},{\"type\":\"grid_item\",\"props\":{\"title\":\"Bas\",\"image\":\"wp-content\\\/uploads\\\/2020\\\/11\\\/jeans-2979818_1920.jpg\",\"link\":\"https:\\\/\\\/shopdepandore.com\\\/?product_cat=bas\"}},{\"type\":\"grid_item\",\"props\":{\"title\":\"Accessoires & Bijoux\",\"image\":\"wp-content\\\/uploads\\\/2020\\\/11\\\/bright-1866986_1280.jpg\",\"link\":\"https:\\\/\\\/shopdepandore.com\\\/?product_cat=accessoires\"}},{\"type\":\"grid_item\",\"props\":{\"title\":\"D\\u00e9coration\",\"image\":\"wp-content\\\/uploads\\\/2020\\\/11\\\/106008532_200444154827572_4763863638934567993_o.jpg\",\"link\":\"https:\\\/\\\/shopdepandore.com\\\/?product_cat=deco\"}}]}]}]}],\"name\":\"Products\"},{\"type\":\"section\",\"props\":{\"style\":\"default\",\"width\":\"default\",\"vertical_align\":\"middle\",\"title_position\":\"top-left\",\"title_rotation\":\"left\",\"title_breakpoint\":\"xl\",\"image_position\":\"center-center\",\"padding\":\"small\"},\"children\":[{\"type\":\"row\",\"children\":[{\"type\":\"column\",\"props\":{\"image_position\":\"center-center\",\"media_overlay_gradient\":\"\"},\"children\":[{\"type\":\"divider\",\"props\":{\"divider_element\":\"hr\"}}]}]}]},{\"type\":\"section\",\"props\":{\"style\":\"default\",\"width\":\"xlarge\",\"vertical_align\":\"middle\",\"title_position\":\"top-left\",\"title_rotation\":\"left\",\"title_breakpoint\":\"xl\",\"image_position\":\"center-center\",\"padding\":\"small\"},\"children\":[{\"type\":\"row\",\"props\":{\"layout\":\"1-2,1-2\",\"column_gap\":\"large\",\"row_gap\":\"large\"},\"children\":[{\"type\":\"column\",\"props\":{\"image_position\":\"center-center\",\"media_overlay_gradient\":\"\",\"vertical_align\":\"middle\",\"width_small\":\"1-2\"},\"children\":[{\"type\":\"image\",\"props\":{\"margin\":\"default\",\"image_svg_color\":\"emphasis\",\"text_align\":\"center\",\"image\":\"wp-content\\\/uploads\\\/2020\\\/11\\\/116931764_212691333602854_10961014875410120_o.jpg\",\"image_width\":\"620\"}},{\"type\":\"image\",\"props\":{\"margin\":\"default\",\"image_svg_color\":\"emphasis\",\"position\":\"absolute\",\"text_align\":\"right\",\"animation\":\"parallax\",\"image\":\"\",\"position_right\":\"-2vw\",\"position_bottom\":\"5vh\",\"parallax_y_start\":\"5vh\",\"parallax_y_end\":\"-5vh\",\"css\":\".el-image {\\n    min-width: 150px;\\n    max-width: 20vw; \\n}\",\"image_width\":\"320\"}}]},{\"type\":\"column\",\"props\":{\"image_position\":\"center-center\",\"media_overlay_gradient\":\"\",\"vertical_align\":\"middle\",\"width_small\":\"1-2\"},\"children\":[{\"type\":\"headline\",\"props\":{\"title_element\":\"h2\",\"text_align\":\"left\",\"text_align_breakpoint\":\"s\",\"text_align_fallback\":\"center\",\"maxwidth\":\"xlarge\",\"content\":\"notre boutique.\",\"block_align\":\"center\"}},{\"type\":\"grid\",\"props\":{\"show_title\":false,\"show_meta\":true,\"show_content\":true,\"show_image\":true,\"show_link\":true,\"grid_default\":\"1\",\"grid_medium\":\"2\",\"filter_style\":\"tab\",\"filter_all\":true,\"filter_position\":\"top\",\"filter_align\":\"left\",\"filter_grid_width\":\"auto\",\"title_element\":\"h3\",\"title_align\":\"top\",\"title_grid_width\":\"1-2\",\"meta_style\":\"meta\",\"meta_align\":\"below-title\",\"image_align\":\"top\",\"image_grid_width\":\"1-2\",\"image_svg_color\":\"emphasis\",\"link_text\":\"Read more\",\"link_style\":\"default\",\"margin\":\"medium\",\"item_animation\":\"\",\"title_style\":\"h6\",\"content_margin\":\"small\",\"text_align\":\"left\",\"text_align_breakpoint\":\"s\",\"text_align_fallback\":\"center\",\"maxwidth\":\"xlarge\",\"margin_remove_bottom\":false,\"title_hover_style\":\"reset\",\"block_align\":\"center\",\"margin_remove_top\":false,\"grid_column_gap\":\"small\",\"grid_row_gap\":\"small\",\"filter_grid_breakpoint\":\"m\",\"title_grid_breakpoint\":\"m\",\"image_grid_breakpoint\":\"m\",\"icon_width\":80,\"meta_element\":\"div\",\"content_column_breakpoint\":\"m\"},\"children\":[{\"type\":\"grid_item\",\"props\":{\"content\":\"\n\n<p>11 Bis Rue Demolombe<br \\\/>14000 Caen<br \\\/>Normandie, France<\\\/p>\\n\n\n<p>Tel: <a href=\\\"tel:0783231993\\\">07 83 23 19 93<\\\/a><\\\/p>\\n\n\n<p>Email: <a href=\\\"mailto:laboitedepandore.caen@gmail.com\\\">laboitedepandore.caen@gmail.com<\\\/a><\\\/p>\",\"title\":\"Contact\"}},{\"type\":\"grid_item\",\"props\":{\"content\":\"\n\n<div class=\\\"uk-margin-small\\\">Horaires d'ouverture<\\\/div>\\n\n\n<div><strong>Lundi<\\\/strong> \\u2022 Ferm\\u00e9<\\\/div>\\n\n\n<div><strong>Mardi<\\\/strong> \\u2022 11h \\u00e0 19h<br \\\/><strong>Mercredi<\\\/strong> \\u2022 11h \\u00e0 19h<br \\\/><strong>Jeudi<\\\/strong> \\u2022 11h \\u00e0 19h<br \\\/><strong>Vendredi<\\\/strong> \\u2022 11h \\u00e0 19h<br \\\/><strong>Samedi<\\\/strong> \\u2022 11h \\u00e0 19h<br \\\/><strong>Dimanche<\\\/strong> \\u2022 Ferm\\u00e9<\\\/div>\",\"title\":\"Opening Hours\"}}]},{\"type\":\"button\",\"props\":{\"margin\":\"\",\"button_size\":\"large\",\"text_align\":\"left\",\"text_align_breakpoint\":\"s\",\"text_align_fallback\":\"center\",\"maxwidth\":\"xlarge\",\"margin_remove_top\":false,\"position\":\"relative\",\"position_z_index\":\"1\",\"block_align\":\"center\",\"grid_column_gap\":\"small\",\"grid_row_gap\":\"small\"},\"children\":[{\"type\":\"button_item\",\"props\":{\"button_style\":\"default\",\"icon_align\":\"left\",\"content\":\"Contact\",\"link\":\"index.php?page_id=8\"}}]}]}]}],\"name\":\"Contact\"}],\"version\":\"2.3.14\"} --><\/p>\n","protected":false},"excerpt":{"rendered":"<p>La bo\u00eete de pandore Concept-store \u2022 seconde main voir nos articles d\u00e9poser un article Nos articles D\u00e9p\u00f4t d&rsquo;article Nos articles Retrouvez ci-dessous les diff\u00e9rentes cat\u00e9gories de nos articles, n&rsquo;h\u00e9sitez pas \u00e0 y jeter un \u0153il.\u00a0 Vestes &#038; Manteaux Hauts Robes &#038; Jupes Bas Accessoires &#038; Bijoux D\u00e9coration notre boutique. Contact 11 Bis Rue Demolombe14000 CaenNormandie, [&hellip;]<\/p>\n","protected":false},"author":1,"featured_media":0,"parent":0,"menu_order":1,"comment_status":"open","ping_status":"closed","template":"","meta":{"_acf_changed":false,"footnotes":""},"class_list":["post-1","page","type-page","status-publish","hentry"],"acf":[],"yoast_head":"<!-- This site is optimized with the Yoast SEO plugin v27.2 - https:\/\/yoast.com\/product\/yoast-seo-wordpress\/ -->\n<title>Accueil - La Bo\u00eete de Pandore \u2022 Concept-Store Seconde Main<\/title>\n<meta name=\"description\" content=\"La bo\u00eete de Pandore. Votre boutique \u00e0 Caen seconde main. V\u00eatements, D\u00e9coration, Bijoux, Accessoires. Le Shop de Pandore est ouvert !\" \/>\n<meta name=\"robots\" content=\"index, follow, max-snippet:-1, max-image-preview:large, max-video-preview:-1\" \/>\n<link rel=\"canonical\" href=\"https:\/\/shopdepandore.com\/\" \/>\n<meta property=\"og:locale\" content=\"fr_FR\" \/>\n<meta property=\"og:type\" content=\"article\" \/>\n<meta property=\"og:title\" content=\"Accueil - La Bo\u00eete de Pandore \u2022 Concept-Store Seconde Main\" \/>\n<meta property=\"og:description\" content=\"La bo\u00eete de Pandore. Votre boutique \u00e0 Caen seconde main. V\u00eatements, D\u00e9coration, Bijoux, Accessoires. Le Shop de Pandore est ouvert !\" \/>\n<meta property=\"og:url\" content=\"https:\/\/shopdepandore.com\/\" \/>\n<meta property=\"og:site_name\" content=\"La Bo\u00eete de Pandore\" \/>\n<meta property=\"article:modified_time\" content=\"2020-11-21T19:13:03+00:00\" \/>\n<meta property=\"og:image\" content=\"https:\/\/shopdepandore.com\/wp-content\/uploads\/2020\/11\/2e205370-c365-4330-878d-8c9590d0a530.jpg\" \/>\n<meta name=\"twitter:card\" content=\"summary_large_image\" \/>\n<script type=\"application\/ld+json\" class=\"yoast-schema-graph\">{\"@context\":\"https:\/\/schema.org\",\"@graph\":[{\"@type\":\"WebPage\",\"@id\":\"https:\/\/shopdepandore.com\/\",\"url\":\"https:\/\/shopdepandore.com\/\",\"name\":\"Accueil - La Bo\u00eete de Pandore \u2022 Concept-Store Seconde Main\",\"isPartOf\":{\"@id\":\"https:\/\/shopdepandore.com\/#website\"},\"datePublished\":\"2019-03-25T09:55:29+00:00\",\"dateModified\":\"2020-11-21T19:13:03+00:00\",\"description\":\"La bo\u00eete de Pandore. Votre boutique \u00e0 Caen seconde main. V\u00eatements, D\u00e9coration, Bijoux, Accessoires. Le Shop de Pandore est ouvert !\",\"breadcrumb\":{\"@id\":\"https:\/\/shopdepandore.com\/#breadcrumb\"},\"inLanguage\":\"fr-FR\",\"potentialAction\":[{\"@type\":\"ReadAction\",\"target\":[\"https:\/\/shopdepandore.com\/\"]}]},{\"@type\":\"BreadcrumbList\",\"@id\":\"https:\/\/shopdepandore.com\/#breadcrumb\",\"itemListElement\":[{\"@type\":\"ListItem\",\"position\":1,\"name\":\"Accueil\",\"item\":\"https:\/\/shopdepandore.com\/\"},{\"@type\":\"ListItem\",\"position\":2,\"name\":\"Accueil\"}]},{\"@type\":\"WebSite\",\"@id\":\"https:\/\/shopdepandore.com\/#website\",\"url\":\"https:\/\/shopdepandore.com\/\",\"name\":\"La Bo\u00eete de Pandore\",\"description\":\"Concept-Store \u2022 Seconde Main \u2022 Caen\",\"potentialAction\":[{\"@type\":\"SearchAction\",\"target\":{\"@type\":\"EntryPoint\",\"urlTemplate\":\"https:\/\/shopdepandore.com\/?s={search_term_string}\"},\"query-input\":{\"@type\":\"PropertyValueSpecification\",\"valueRequired\":true,\"valueName\":\"search_term_string\"}}],\"inLanguage\":\"fr-FR\"}]}<\/script>\n<!-- \/ Yoast SEO plugin. -->","yoast_head_json":{"title":"Accueil - La Bo\u00eete de Pandore \u2022 Concept-Store Seconde Main","description":"La bo\u00eete de Pandore. Votre boutique \u00e0 Caen seconde main. V\u00eatements, D\u00e9coration, Bijoux, Accessoires. Le Shop de Pandore est ouvert !","robots":{"index":"index","follow":"follow","max-snippet":"max-snippet:-1","max-image-preview":"max-image-preview:large","max-video-preview":"max-video-preview:-1"},"canonical":"https:\/\/shopdepandore.com\/","og_locale":"fr_FR","og_type":"article","og_title":"Accueil - La Bo\u00eete de Pandore \u2022 Concept-Store Seconde Main","og_description":"La bo\u00eete de Pandore. Votre boutique \u00e0 Caen seconde main. V\u00eatements, D\u00e9coration, Bijoux, Accessoires. Le Shop de Pandore est ouvert !","og_url":"https:\/\/shopdepandore.com\/","og_site_name":"La Bo\u00eete de Pandore","article_modified_time":"2020-11-21T19:13:03+00:00","og_image":[{"url":"https:\/\/shopdepandore.com\/wp-content\/uploads\/2020\/11\/2e205370-c365-4330-878d-8c9590d0a530.jpg","type":"","width":"","height":""}],"twitter_card":"summary_large_image","schema":{"@context":"https:\/\/schema.org","@graph":[{"@type":"WebPage","@id":"https:\/\/shopdepandore.com\/","url":"https:\/\/shopdepandore.com\/","name":"Accueil - La Bo\u00eete de Pandore \u2022 Concept-Store Seconde Main","isPartOf":{"@id":"https:\/\/shopdepandore.com\/#website"},"datePublished":"2019-03-25T09:55:29+00:00","dateModified":"2020-11-21T19:13:03+00:00","description":"La bo\u00eete de Pandore. Votre boutique \u00e0 Caen seconde main. V\u00eatements, D\u00e9coration, Bijoux, Accessoires. Le Shop de Pandore est ouvert !","breadcrumb":{"@id":"https:\/\/shopdepandore.com\/#breadcrumb"},"inLanguage":"fr-FR","potentialAction":[{"@type":"ReadAction","target":["https:\/\/shopdepandore.com\/"]}]},{"@type":"BreadcrumbList","@id":"https:\/\/shopdepandore.com\/#breadcrumb","itemListElement":[{"@type":"ListItem","position":1,"name":"Accueil","item":"https:\/\/shopdepandore.com\/"},{"@type":"ListItem","position":2,"name":"Accueil"}]},{"@type":"WebSite","@id":"https:\/\/shopdepandore.com\/#website","url":"https:\/\/shopdepandore.com\/","name":"La Bo\u00eete de Pandore","description":"Concept-Store \u2022 Seconde Main \u2022 Caen","potentialAction":[{"@type":"SearchAction","target":{"@type":"EntryPoint","urlTemplate":"https:\/\/shopdepandore.com\/?s={search_term_string}"},"query-input":{"@type":"PropertyValueSpecification","valueRequired":true,"valueName":"search_term_string"}}],"inLanguage":"fr-FR"}]}},"_links":{"self":[{"href":"https:\/\/shopdepandore.com\/index.php?rest_route=\/wp\/v2\/pages\/1","targetHints":{"allow":["GET"]}}],"collection":[{"href":"https:\/\/shopdepandore.com\/index.php?rest_route=\/wp\/v2\/pages"}],"about":[{"href":"https:\/\/shopdepandore.com\/index.php?rest_route=\/wp\/v2\/types\/page"}],"author":[{"embeddable":true,"href":"https:\/\/shopdepandore.com\/index.php?rest_route=\/wp\/v2\/users\/1"}],"replies":[{"embeddable":true,"href":"https:\/\/shopdepandore.com\/index.php?rest_route=%2Fwp%2Fv2%2Fcomments&post=1"}],"version-history":[{"count":41,"href":"https:\/\/shopdepandore.com\/index.php?rest_route=\/wp\/v2\/pages\/1\/revisions"}],"predecessor-version":[{"id":1532,"href":"https:\/\/shopdepandore.com\/index.php?rest_route=\/wp\/v2\/pages\/1\/revisions\/1532"}],"wp:attachment":[{"href":"https:\/\/shopdepandore.com\/index.php?rest_route=%2Fwp%2Fv2%2Fmedia&parent=1"}],"curies":[{"name":"wp","href":"https:\/\/api.w.org\/{rel}","templated":true}]}}